{"id":244,"date":"2022-06-29T08:41:02","date_gmt":"2022-06-29T08:41:02","guid":{"rendered":"https:\/\/btgdev.azurewebsites.net\/?page_id=244"},"modified":"2022-11-16T09:47:36","modified_gmt":"2022-11-16T09:47:36","slug":"mechanical-pulping","status":"publish","type":"page","link":"https:\/\/btgdev.azurewebsites.net\/pt\/mechanical-pulping\/","title":{"rendered":"Despolpa\u00e7\u00e3o Mec\u00e2nica"},"content":{"rendered":"","protected":false},"excerpt":{"rendered":"","protected":false},"author":1,"featured_media":0,"parent":0,"menu_order":0,"comment_status":"closed","ping_status":"closed","template":"page-templates\/normal.php","meta":{"_acf_changed":false,"footnotes":"","_links_to":"","_links_to_target":""},"class_list":["post-244","page","type-page","status-publish","hentry"],"acf":[],"_links":{"self":[{"href":"https:\/\/btgdev.azurewebsites.net\/pt\/wp-json\/wp\/v2\/pages\/244","targetHints":{"allow":["GET"]}}],"collection":[{"href":"https:\/\/btgdev.azurewebsites.net\/pt\/wp-json\/wp\/v2\/pages"}],"about":[{"href":"https:\/\/btgdev.azurewebsites.net\/pt\/wp-json\/wp\/v2\/types\/page"}],"author":[{"embeddable":true,"href":"https:\/\/btgdev.azurewebsites.net\/pt\/wp-json\/wp\/v2\/users\/1"}],"replies":[{"embeddable":true,"href":"https:\/\/btgdev.azurewebsites.net\/pt\/wp-json\/wp\/v2\/comments?post=244"}],"version-history":[{"count":5,"href":"https:\/\/btgdev.azurewebsites.net\/pt\/wp-json\/wp\/v2\/pages\/244\/revisions"}],"predecessor-version":[{"id":4245,"href":"https:\/\/btgdev.azurewebsites.net\/pt\/wp-json\/wp\/v2\/pages\/244\/revisions\/4245"}],"wp:attachment":[{"href":"https:\/\/btgdev.azurewebsites.net\/pt\/wp-json\/wp\/v2\/media?parent=244"}],"curies":[{"name":"wp","href":"https:\/\/api.w.org\/{rel}","templated":true}]}}